{"id":1130,"date":"2016-05-28T22:53:22","date_gmt":"2016-05-28T20:53:22","guid":{"rendered":"http:\/\/www.accarochemaure.fr\/?page_id=1130"},"modified":"2016-07-01T06:58:28","modified_gmt":"2016-07-01T04:58:28","slug":"saison-2016-2017","status":"publish","type":"page","link":"https:\/\/www.accarochemaure.fr\/?page_id=1130","title":{"rendered":"Saison 2016-2017"},"content":{"rendered":"<h2>A.C.C.A de Rochemaure (Ard\u00e8che)<\/h2>\n<p><em>Documents officiels de l\u2019association<\/em><\/p>\n<ul>\n<li><strong>R\u00e9glement int\u00e9rieur<\/strong> (Document officiel)<br \/>\n<a href=\"https:\/\/www.accarochemaure.fr\/wp-content\/uploads\/2016\/07\/ReglemtInterAG2016.pdf\">Consulter le document<\/a> (pdf)<\/li>\n<li><strong>R\u00e9glement saison 2016 \u2013 2017 <\/strong>(Distribu\u00e9 avec les cartes)<br \/>\n<a href=\"https:\/\/www.accarochemaure.fr\/wp-content\/uploads\/2016\/07\/Rglmtsaison2016-17.pdf\">Consulter le document<\/a> (pdf)<\/li>\n<\/ul>\n","protected":false},"excerpt":{"rendered":"<p>A.C.C.A de Rochemaure (Ard\u00e8che) Documents officiels de l\u2019association R\u00e9glement int\u00e9rieur (Document officiel) Consulter le document (pdf) R\u00e9glement saison 2016 \u2013 2017 (Distribu\u00e9 avec les cartes) Consulter le document (pdf)<\/p>\n","protected":false},"author":1,"featured_media":0,"parent":13,"menu_order":0,"comment_status":"closed","ping_status":"closed","template":"","meta":{"_aioseop_title":"","_aioseop_description":"","jetpack_post_was_ever_published":false,"footnotes":""},"class_list":["post-1130","page","type-page","status-publish"],"jetpack_shortlink":"https:\/\/wp.me\/P11tZa-ie","jetpack_sharing_enabled":true,"_links":{"self":[{"href":"https:\/\/www.accarochemaure.fr\/index.php?rest_route=\/wp\/v2\/pages\/1130","targetHints":{"allow":["GET"]}}],"collection":[{"href":"https:\/\/www.accarochemaure.fr\/index.php?rest_route=\/wp\/v2\/pages"}],"about":[{"href":"https:\/\/www.accarochemaure.fr\/index.php?rest_route=\/wp\/v2\/types\/page"}],"author":[{"embeddable":true,"href":"https:\/\/www.accarochemaure.fr\/index.php?rest_route=\/wp\/v2\/users\/1"}],"replies":[{"embeddable":true,"href":"https:\/\/www.accarochemaure.fr\/index.php?rest_route=%2Fwp%2Fv2%2Fcomments&post=1130"}],"version-history":[{"count":3,"href":"https:\/\/www.accarochemaure.fr\/index.php?rest_route=\/wp\/v2\/pages\/1130\/revisions"}],"predecessor-version":[{"id":1153,"href":"https:\/\/www.accarochemaure.fr\/index.php?rest_route=\/wp\/v2\/pages\/1130\/revisions\/1153"}],"up":[{"embeddable":true,"href":"https:\/\/www.accarochemaure.fr\/index.php?rest_route=\/wp\/v2\/pages\/13"}],"wp:attachment":[{"href":"https:\/\/www.accarochemaure.fr\/index.php?rest_route=%2Fwp%2Fv2%2Fmedia&parent=1130"}],"curies":[{"name":"wp","href":"https:\/\/api.w.org\/{rel}","templated":true}]}}