{"id":1804,"date":"2022-07-10T18:22:55","date_gmt":"2022-07-10T16:22:55","guid":{"rendered":"https:\/\/www.accarochemaure.fr\/?page_id=1804"},"modified":"2022-07-10T18:24:55","modified_gmt":"2022-07-10T16:24:55","slug":"campagne-2022-2023","status":"publish","type":"page","link":"https:\/\/www.accarochemaure.fr\/?page_id=1804","title":{"rendered":"Campagne 2022-2023"},"content":{"rendered":"<div class=\"entry-content\">\n<h2>Arr\u00eat\u00e9s de la pr\u00e9fecture de l\u2019Ard\u00e8che (07)<\/h2>\n<p><em>Documents officiels \u00e0 consulter ou t\u00e9l\u00e9charger<\/em><\/p>\n<ul>\n<li><strong>Arr\u00eat\u00e9 d\u2019ouverture et de cl\u00f4ture de la chasse<\/strong> (N\u00b0 07-2022-06-30-00013 du 30 juin 2022)<br \/>\n<a role=\"link\" href=\"https:\/\/www.accarochemaure.fr\/wp-content\/uploads\/2022\/07\/ArretePrefecture07-0uverture-Fermeture-Chasse_-2022_2023.pdf\">Consulter le document<\/a>\u00a0(pdf)<\/li>\n<\/ul>\n<blockquote>\n<p>Ensemble des arr\u00eat\u00e9s de chasse en ard\u00e9che sur<a role=\"link\" href=\"https:\/\/www.chasseardeche.fr\/arretes-reglementation-chasse-ardeche.html\"> www.chasseardeche.fr<\/a><\/p>\n<\/blockquote>\n<\/div>\n","protected":false},"excerpt":{"rendered":"<p>Arr\u00eat\u00e9 d\u2019ouverture et de cl\u00f4ture de la chasse (N\u00b0 07-2022-06-30-00013 du 30 juin 2022)<br \/>\nConsulter le document\u00a0(pdf)<\/p>\n","protected":false},"author":1,"featured_media":0,"parent":2,"menu_order":0,"comment_status":"closed","ping_status":"closed","template":"","meta":{"_aioseop_title":"ACCA Rochemaure - Campagne 2022-2023","_aioseop_description":"Arr\u00eat\u00e9 d\u2019ouverture et de cl\u00f4ture de la chasse (N\u00b0 07-2022-06-30-00013 du 30 juin 2022)\r\nConsulter le document\u00a0(pdf)","jetpack_post_was_ever_published":false,"footnotes":""},"class_list":["post-1804","page","type-page","status-publish"],"jetpack_shortlink":"https:\/\/wp.me\/P11tZa-t6","jetpack_sharing_enabled":true,"_links":{"self":[{"href":"https:\/\/www.accarochemaure.fr\/index.php?rest_route=\/wp\/v2\/pages\/1804","targetHints":{"allow":["GET"]}}],"collection":[{"href":"https:\/\/www.accarochemaure.fr\/index.php?rest_route=\/wp\/v2\/pages"}],"about":[{"href":"https:\/\/www.accarochemaure.fr\/index.php?rest_route=\/wp\/v2\/types\/page"}],"author":[{"embeddable":true,"href":"https:\/\/www.accarochemaure.fr\/index.php?rest_route=\/wp\/v2\/users\/1"}],"replies":[{"embeddable":true,"href":"https:\/\/www.accarochemaure.fr\/index.php?rest_route=%2Fwp%2Fv2%2Fcomments&post=1804"}],"version-history":[{"count":1,"href":"https:\/\/www.accarochemaure.fr\/index.php?rest_route=\/wp\/v2\/pages\/1804\/revisions"}],"predecessor-version":[{"id":1806,"href":"https:\/\/www.accarochemaure.fr\/index.php?rest_route=\/wp\/v2\/pages\/1804\/revisions\/1806"}],"up":[{"embeddable":true,"href":"https:\/\/www.accarochemaure.fr\/index.php?rest_route=\/wp\/v2\/pages\/2"}],"wp:attachment":[{"href":"https:\/\/www.accarochemaure.fr\/index.php?rest_route=%2Fwp%2Fv2%2Fmedia&parent=1804"}],"curies":[{"name":"wp","href":"https:\/\/api.w.org\/{rel}","templated":true}]}}