{"id":1884,"date":"2026-02-05T13:16:27","date_gmt":"2026-02-05T11:16:27","guid":{"rendered":"https:\/\/www.accarochemaure.fr\/?page_id=1884"},"modified":"2026-02-10T10:31:26","modified_gmt":"2026-02-10T08:31:26","slug":"campagne-2025-2026","status":"publish","type":"page","link":"https:\/\/www.accarochemaure.fr\/","title":{"rendered":"CAMPAGNE 2025-2026"},"content":{"rendered":"<div class=\"entry-content\">\n<div class=\"entry-content\">\n<h2><span style=\"color: #800000;\">Arr\u00eat\u00e9s de la pr\u00e9fecture de l\u2019Ard\u00e8che (07)<\/span><\/h2>\n<p><em>Documents officiels \u00e0 consulter ou t\u00e9l\u00e9charger<\/em><\/p>\n<ul>\n<li><strong>Arr\u00eat\u00e9 d\u2019ouverture et de cl\u00f4ture de la chasse<\/strong> (N\u00b0 07-2025-06-17-00005 du 17 juin 2025)<br \/>\n<a role=\"link\" href=\"https:\/\/www.accarochemaure.fr\/wp-content\/uploads\/2026\/02\/AP07ouverture_et_fermeture_chasse__2025-2026.pdf\">Consulter le document<\/a>\u00a0(pdf)<\/li>\n<\/ul>\n<blockquote>\n<p>Ensemble des arr\u00eat\u00e9s de chasse en ard\u00e9che sur<a role=\"link\" href=\"https:\/\/www.chasseardeche.fr\/arretes-reglementation-chasse-ardeche.html\"> www.chasseardeche.fr<\/a><\/p>\n<\/blockquote>\n<div class=\"entry-content\">\n<h2><span style=\"color: #800000;\">F\u00e9d\u00e9ration Nationale des Chasseurs<\/span><\/h2>\n<p>Mesures de pr\u00e9vention contre la<strong> Maladie d&rsquo;Aujeszky<\/strong> transmissible aux chiens.<br \/>\n<a href=\"https:\/\/www.accarochemaure.fr\/wp-content\/uploads\/2026\/02\/FNC-DEPLIANT-MALADIE-D-AUJESZKY.pdf\">Consulter le d\u00e9pliant<\/a> (pdf)<\/p>\n<h2><span style=\"color: #800000;\">R\u00e8glements A.C.C.A<\/span><\/h2>\n<p><em>Documents officiels de l\u2019association<\/em><\/p>\n<ul>\n<li><strong>R\u00e8glement saison 2025-2026 <\/strong>(Distribu\u00e9 avec les cartes)<br \/>\n<a role=\"link\" href=\"https:\/\/www.accarochemaure.fr\/wp-content\/uploads\/2026\/02\/RIC-ACCARochemaure-2025-2026.pdf\">Consulter le document\u00a0<\/a>(pdf)<\/li>\n<\/ul>\n<h2><span style=\"color: #800000;\"><strong>Les rendez-vous 2025-2026 (\u00e0 venir)<\/strong><\/span><\/h2>\n<h4>\u00c9quipes sanglier et chevreuil<\/h4>\n<p style=\"text-align: center;\"><em>T\u00e9l\u00e9charger <\/em><em>le <\/em><em>calendrier<\/em><em> (pdf)<\/em><\/p>\n<h4>Journ\u00e9es cyn\u00e9g\u00e9tiques 2025<\/h4>\n<p><strong><em>Lieu des rendez-vous :\u00a0<\/em><\/strong><strong><em>Les Videaux<\/em><\/strong><\/p>\n<ul>\n<li>08\u00a0mars 2025 matin 7h30<\/li>\n<li>22 mars 2025 matin 7h30<\/li>\n<li>05 avril 2025\u00a0matin 7h30<\/li>\n<li>26 avril\u00a02025 matin\u00a07h00<\/li>\n<li>17\u00a0mai\u00a02025 matin 6h30<\/li>\n<li>07 juin\u00a02025\u00a0matin 6h00<\/li>\n<\/ul>\n<h4>L\u00e2chers de gibiers 2025<\/h4>\n<p>&nbsp;<\/p>\n<\/div>\n<\/div>\n<\/div>\n","protected":false},"excerpt":{"rendered":"<p>Arr\u00eat\u00e9s de la pr\u00e9fecture de l\u2019Ard\u00e8che (07) Documents officiels \u00e0 consulter ou t\u00e9l\u00e9charger Arr\u00eat\u00e9 d\u2019ouverture et de cl\u00f4ture de la chasse (N\u00b0 07-2025-06-17-00005 du 17 juin 2025) Consulter le document\u00a0(pdf) Ensemble des arr\u00eat\u00e9s de chasse en ard\u00e9che sur www.chasseardeche.fr F\u00e9d\u00e9ration Nationale des Chasseurs Mesures de pr\u00e9vention contre la Maladie d&rsquo;Aujeszky transmissible aux chiens. Consulter le d\u00e9pliant (pdf) R\u00e8glements A.C.C.A Documents officiels de l\u2019association R\u00e8glement saison 2025-2026 (Distribu\u00e9 avec les cartes) Consulter le document\u00a0(pdf) Les rendez-vous 2025-2026 (\u00e0 venir) \u00c9quipes sanglier et chevreuil T\u00e9l\u00e9charger le calendrier (pdf) Journ\u00e9es cyn\u00e9g\u00e9tiques 2025 Lieu des rendez-vous :\u00a0Les Videaux 08\u00a0mars 2025 matin 7h30 22 mars 2025 matin 7h30 05 avril 2025\u00a0matin 7h30 26 avril\u00a02025 matin\u00a07h00 17\u00a0mai\u00a02025 matin 6h30 07 juin\u00a02025\u00a0matin 6h00 L\u00e2chers de gibiers 2025 &nbsp;<\/p>\n","protected":false},"author":1,"featured_media":0,"parent":0,"menu_order":0,"comment_status":"closed","ping_status":"closed","template":"","meta":{"_aioseop_title":"","_aioseop_description":"","jetpack_post_was_ever_published":false,"footnotes":""},"class_list":["post-1884","page","type-page","status-publish"],"jetpack_shortlink":"https:\/\/wp.me\/P11tZa-uo","jetpack_sharing_enabled":true,"_links":{"self":[{"href":"https:\/\/www.accarochemaure.fr\/index.php?rest_route=\/wp\/v2\/pages\/1884","targetHints":{"allow":["GET"]}}],"collection":[{"href":"https:\/\/www.accarochemaure.fr\/index.php?rest_route=\/wp\/v2\/pages"}],"about":[{"href":"https:\/\/www.accarochemaure.fr\/index.php?rest_route=\/wp\/v2\/types\/page"}],"author":[{"embeddable":true,"href":"https:\/\/www.accarochemaure.fr\/index.php?rest_route=\/wp\/v2\/users\/1"}],"replies":[{"embeddable":true,"href":"https:\/\/www.accarochemaure.fr\/index.php?rest_route=%2Fwp%2Fv2%2Fcomments&post=1884"}],"version-history":[{"count":4,"href":"https:\/\/www.accarochemaure.fr\/index.php?rest_route=\/wp\/v2\/pages\/1884\/revisions"}],"predecessor-version":[{"id":1892,"href":"https:\/\/www.accarochemaure.fr\/index.php?rest_route=\/wp\/v2\/pages\/1884\/revisions\/1892"}],"wp:attachment":[{"href":"https:\/\/www.accarochemaure.fr\/index.php?rest_route=%2Fwp%2Fv2%2Fmedia&parent=1884"}],"curies":[{"name":"wp","href":"https:\/\/api.w.org\/{rel}","templated":true}]}}