{"id":263,"date":"2011-06-03T18:21:47","date_gmt":"2011-06-03T16:21:47","guid":{"rendered":"http:\/\/www.accarochemaure.fr\/?page_id=263"},"modified":"2011-09-24T09:48:43","modified_gmt":"2011-09-24T07:48:43","slug":"campagne-2011-2012","status":"publish","type":"page","link":"https:\/\/www.accarochemaure.fr\/?page_id=263","title":{"rendered":"Campagne 2011-2012"},"content":{"rendered":"<h2>Arr\u00eat\u00e9s de la pr\u00e9fecture de l\u2019Ard\u00e8che (07)<\/h2>\n<p><em>Documents \u00a0officiels \u00e0 consulter ou t\u00e9l\u00e9charger<\/em><\/p>\n<ul>\n<li><strong>Arr\u00eat\u00e9 d\u2019ouverture et de cl\u00f4ture de la chasse <\/strong>(n\u00b0 2011-126-0009)<br \/>\n<a href=\"https:\/\/www.accarochemaure.fr\/wp-content\/uploads\/2011\/06\/ArPref-Chasse-2011_2012.pdf\">Consulter le document (pdf)<\/a><\/li>\n<li><strong>Arr\u00eat\u00e9 modificatif\u00a0 concernant le pr\u00e9l\u00e8vement maximum autoris\u00e9 de b\u00e9casse des bois<\/strong> (n\u00b0 2011-252-0009)<br \/>\n<a href=\"https:\/\/www.accarochemaure.fr\/wp-content\/uploads\/2011\/06\/2011-2012-modif_becasse.pdf\">Consulter le document (pdf)<\/a><\/li>\n<\/ul>\n","protected":false},"excerpt":{"rendered":"<p>Arr\u00eat\u00e9s de la pr\u00e9fecture de l\u2019Ard\u00e8che (07) Documents \u00a0officiels \u00e0 consulter ou t\u00e9l\u00e9charger Arr\u00eat\u00e9 d\u2019ouverture et de cl\u00f4ture de la chasse (n\u00b0 2011-126-0009) Consulter le document (pdf) Arr\u00eat\u00e9 modificatif\u00a0 concernant le pr\u00e9l\u00e8vement maximum autoris\u00e9 de b\u00e9casse des bois (n\u00b0 2011-252-0009) Consulter le document (pdf)<\/p>\n","protected":false},"author":1,"featured_media":0,"parent":2,"menu_order":3,"comment_status":"closed","ping_status":"open","template":"","meta":{"_aioseop_title":"","_aioseop_description":"","jetpack_post_was_ever_published":false,"footnotes":""},"class_list":["post-263","page","type-page","status-publish"],"jetpack_shortlink":"https:\/\/wp.me\/P11tZa-4f","jetpack_sharing_enabled":true,"_links":{"self":[{"href":"https:\/\/www.accarochemaure.fr\/index.php?rest_route=\/wp\/v2\/pages\/263","targetHints":{"allow":["GET"]}}],"collection":[{"href":"https:\/\/www.accarochemaure.fr\/index.php?rest_route=\/wp\/v2\/pages"}],"about":[{"href":"https:\/\/www.accarochemaure.fr\/index.php?rest_route=\/wp\/v2\/types\/page"}],"author":[{"embeddable":true,"href":"https:\/\/www.accarochemaure.fr\/index.php?rest_route=\/wp\/v2\/users\/1"}],"replies":[{"embeddable":true,"href":"https:\/\/www.accarochemaure.fr\/index.php?rest_route=%2Fwp%2Fv2%2Fcomments&post=263"}],"version-history":[{"count":7,"href":"https:\/\/www.accarochemaure.fr\/index.php?rest_route=\/wp\/v2\/pages\/263\/revisions"}],"predecessor-version":[{"id":270,"href":"https:\/\/www.accarochemaure.fr\/index.php?rest_route=\/wp\/v2\/pages\/263\/revisions\/270"}],"up":[{"embeddable":true,"href":"https:\/\/www.accarochemaure.fr\/index.php?rest_route=\/wp\/v2\/pages\/2"}],"wp:attachment":[{"href":"https:\/\/www.accarochemaure.fr\/index.php?rest_route=%2Fwp%2Fv2%2Fmedia&parent=263"}],"curies":[{"name":"wp","href":"https:\/\/api.w.org\/{rel}","templated":true}]}}