{"id":265,"date":"2011-06-03T21:42:53","date_gmt":"2011-06-03T19:42:53","guid":{"rendered":"http:\/\/www.accarochemaure.fr\/?page_id=265"},"modified":"2019-07-01T23:13:32","modified_gmt":"2019-07-01T21:13:32","slug":"saison-2011-2012","status":"publish","type":"page","link":"https:\/\/www.accarochemaure.fr\/?page_id=265","title":{"rendered":"Saison 2011\/2012"},"content":{"rendered":"<h2>F\u00e9d\u00e9ration Nationale des Chasseurs<\/h2>\n<p><em>Documents et communiqu\u00e9s\u00a0en t\u00e9l\u00e9chargement<\/em><\/p>\n<ul>\n<li><strong>Collier GPS GARMIN 220\/DC40 non conforme<\/strong> (Communiqu\u00e9 du 8 juillet 2011)<br \/>\n<a href=\"\/wp-content\/uploads\/2011\/07\/alerte-collier-chien.pdf\">Consulter le document (pdf)<\/a><\/li>\n<li><strong>Ouverture gibiers d&rsquo;eau et migrateurs 2011 &#8211; Rectificatif\u00a0<\/strong>\u00a0(arr\u00eat\u00e9 publi\u00e9 le 4 ao\u00fbt 2011)<br \/>\n<a href=\"https:\/\/www.accarochemaure.fr\/wp-content\/uploads\/2011\/06\/ouverturemigrateurs2011-1.pdf\">Consulter le document (pdf)\u00a0<\/a><\/li>\n<\/ul>\n","protected":false},"excerpt":{"rendered":"<p>F\u00e9d\u00e9ration Nationale des Chasseurs Documents et communiqu\u00e9s\u00a0en t\u00e9l\u00e9chargement Collier GPS GARMIN 220\/DC40 non conforme (Communiqu\u00e9 du 8 juillet 2011) Consulter le document (pdf) Ouverture gibiers d&rsquo;eau et migrateurs 2011 &#8211; Rectificatif\u00a0\u00a0(arr\u00eat\u00e9 publi\u00e9 le 4 ao\u00fbt 2011) Consulter le document (pdf)\u00a0<\/p>\n","protected":false},"author":1,"featured_media":0,"parent":28,"menu_order":3,"comment_status":"closed","ping_status":"closed","template":"","meta":{"_aioseop_title":"","_aioseop_description":"","jetpack_post_was_ever_published":false,"footnotes":""},"class_list":["post-265","page","type-page","status-publish"],"jetpack_shortlink":"https:\/\/wp.me\/P11tZa-4h","jetpack_sharing_enabled":true,"_links":{"self":[{"href":"https:\/\/www.accarochemaure.fr\/index.php?rest_route=\/wp\/v2\/pages\/265","targetHints":{"allow":["GET"]}}],"collection":[{"href":"https:\/\/www.accarochemaure.fr\/index.php?rest_route=\/wp\/v2\/pages"}],"about":[{"href":"https:\/\/www.accarochemaure.fr\/index.php?rest_route=\/wp\/v2\/types\/page"}],"author":[{"embeddable":true,"href":"https:\/\/www.accarochemaure.fr\/index.php?rest_route=\/wp\/v2\/users\/1"}],"replies":[{"embeddable":true,"href":"https:\/\/www.accarochemaure.fr\/index.php?rest_route=%2Fwp%2Fv2%2Fcomments&post=265"}],"version-history":[{"count":9,"href":"https:\/\/www.accarochemaure.fr\/index.php?rest_route=\/wp\/v2\/pages\/265\/revisions"}],"predecessor-version":[{"id":1555,"href":"https:\/\/www.accarochemaure.fr\/index.php?rest_route=\/wp\/v2\/pages\/265\/revisions\/1555"}],"up":[{"embeddable":true,"href":"https:\/\/www.accarochemaure.fr\/index.php?rest_route=\/wp\/v2\/pages\/28"}],"wp:attachment":[{"href":"https:\/\/www.accarochemaure.fr\/index.php?rest_route=%2Fwp%2Fv2%2Fmedia&parent=265"}],"curies":[{"name":"wp","href":"https:\/\/api.w.org\/{rel}","templated":true}]}}